{"id":5940,"date":"2021-12-16T13:16:07","date_gmt":"2021-12-16T12:16:07","guid":{"rendered":"https:\/\/ammos.es\/ammos-denia\/"},"modified":"2023-11-02T21:00:44","modified_gmt":"2023-11-02T20:00:44","slug":"ammos-denia","status":"publish","type":"page","link":"https:\/\/ammos.es\/fr\/ammos-denia\/","title":{"rendered":"Ammos D\u00e9nia"},"content":{"rendered":"<p>[vc_row no_padding=\u00a0\u00bbyes\u00a0\u00bb remove_margin_top=\u00a0\u00bbyes\u00a0\u00bb remove_margin_bottom=\u00a0\u00bbyes\u00a0\u00bb remove_padding_top=\u00a0\u00bbyes\u00a0\u00bb remove_padding_bottom=\u00a0\u00bbyes\u00a0\u00bb remove_border=\u00a0\u00bbyes\u00a0\u00bb][vc_column css=\u00a0\u00bb.vc_custom_1553066854517{padding-right: 0px !important;}\u00a0\u00bb][rev_slider alias=\u00a0\u00bbammos-denia10&Prime;][\/vc_column][\/vc_row][vc_row content_placement=\u00a0\u00bbmiddle\u00a0\u00bb wrap_container=\u00a0\u00bbyes\u00a0\u00bb is_section=\u00a0\u00bbyes\u00a0\u00bb section_skin=\u00a0\u00bbprimary\u00a0\u00bb remove_margin_top=\u00a0\u00bbyes\u00a0\u00bb remove_margin_bottom=\u00a0\u00bbyes\u00a0\u00bb css=\u00a0\u00bb.vc_custom_1614588762812{background-color: #009de9 !important;}\u00a0\u00bb][vc_column width=\u00a0\u00bb1\/2&Prime;][vc_btn title=\u00a0\u00bbPide online\u00a0\u00bb style=\u00a0\u00bboutline\u00a0\u00bb shape=\u00a0\u00bbrounded\u00a0\u00bb color=\u00a0\u00bbwhite\u00a0\u00bb size=\u00a0\u00bbxl\u00a0\u00bb align=\u00a0\u00bbcenter\u00a0\u00bb link=\u00a0\u00bburl:https%3A%2F%2Fammosdenia.readyme.app%2F%23|title:Pedido%20online%20Ammos%20Javea|target:_blank\u00a0\u00bb el_class=\u00a0\u00bbboton-reserva\u00a0\u00bb][\/vc_column][vc_column width=\u00a0\u00bb1\/2&Prime;][vc_btn title=\u00a0\u00bbPizza Veloce online\u00a0\u00bb style=\u00a0\u00bboutline\u00a0\u00bb shape=\u00a0\u00bbrounded\u00a0\u00bb color=\u00a0\u00bbwhite\u00a0\u00bb size=\u00a0\u00bbxl\u00a0\u00bb align=\u00a0\u00bbcenter\u00a0\u00bb link=\u00a0\u00bburl:https%3A%2F%2Fpizzavelocedenia.readyme.app%2F%23|title:Pizza%20veloce%20Javea%20online|target:_blank\u00a0\u00bb el_class=\u00a0\u00bbboton-reserva\u00a0\u00bb][\/vc_column][\/vc_row][vc_row wrap_container=\u00a0\u00bbyes\u00a0\u00bb css=\u00a0\u00bb.vc_custom_1528941974573{margin-top: 60px !important;}\u00a0\u00bb][vc_column][vc_custom_heading text=\u00a0\u00bbAmmos D\u00e9nia\u00a0\u00bb font_container=\u00a0\u00bbtag:h2|font_size:28|text_align:center|line_height:1&Prime; use_theme_fonts=\u00a0\u00bbyes\u00a0\u00bb el_class=\u00a0\u00bbfont-weight-bold\u00a0\u00bb][vc_column_text]<\/p>\n<p style=\"text-align: center;\">Ammos D\u00e9nia es un restaurante con un ambiente \u00fanico ubicado en pleno centro de la ciudad, en la calle Marqu\u00e9s de Campo. Disfrutar\u00e1s de los mejores platos del mundo sin moverte de nuestro restaurante. \u00bfEst\u00e1s listo?<\/p>\n<p style=\"text-align: center;\">Ammos D\u00e9nia comienza su andadura en el verano de 2022, tras la apertura de Ammos Valencia a principios de a\u00f1o, y el \u00e9xito de Ammos Group en Ammos Moraira y J\u00e1vea.<\/p>\n<p style=\"text-align: center;\">Corinna Xenakis, fundadora y CEO de Ammos Group, abre el cuarto restaurante del grupo, que contin\u00faa su expansi\u00f3n.<\/p>\n<p style=\"text-align: center;\">Con una ubicaci\u00f3n muy especial, Ammos crea una nueva experiencia gastron\u00f3mica \u00fanica en D\u00e9nia, con diversos espacios muy especiales.<\/p>\n<p>[\/vc_column_text][vc_single_image image=\u00a0\u00bb5721&Prime; img_size=\u00a0\u00bblarge\u00a0\u00bb alignment=\u00a0\u00bbcenter\u00a0\u00bb][\/vc_column][\/vc_row][vc_row wrap_container=\u00a0\u00bbyes\u00a0\u00bb css=\u00a0\u00bb.vc_custom_1661238189566{margin-top: 60px !important;background-color: #f7c8c9 !important;}\u00a0\u00bb][vc_column][vc_custom_heading text=\u00a0\u00bbPizza Veloce\u00a0\u00bb font_container=\u00a0\u00bbtag:h2|font_size:28|text_align:center|line_height:1&Prime; use_theme_fonts=\u00a0\u00bbyes\u00a0\u00bb el_class=\u00a0\u00bbfont-weight-bold\u00a0\u00bb css=\u00a0\u00bb.vc_custom_1661238328598{padding-top: 50px !important;}\u00a0\u00bb][vc_column_text]<\/p>\n<p style=\"text-align: center;\">Ya puedes pedir nuestras pizzas para recoger en nuestro local de D\u00e9nia. Estamos especializados en cocinar las mejores pizzas, realizamos desde cero nuestra base para que disfrutes de la mejor calidad.<\/p>\n<p style=\"text-align: center;\">Muy pronto podr\u00e1s disfrutar de nuestro servicio a domicilio tambi\u00e9n. Ammos on wheels!<\/p>\n<p>[\/vc_column_text][vc_single_image image=\u00a0\u00bb4777&Prime; img_size=\u00a0\u00bblarge\u00a0\u00bb alignment=\u00a0\u00bbcenter\u00a0\u00bb][\/vc_column][\/vc_row][vc_row wrap_container=\u00a0\u00bbyes\u00a0\u00bb css=\u00a0\u00bb.vc_custom_1528941974573{margin-top: 60px !important;}\u00a0\u00bb][vc_column][porto_lightbox_container][porto_grid_container el_class=\u00a0\u00bbportfolio-1&Prime;][porto_grid_item width=\u00a0\u00bb66.6666%\u00a0\u00bb][porto_image_frame type=\u00a0\u00bbhover-style\u00a0\u00bb noborders=\u00a0\u00bbyes\u00a0\u00bb link_icon=\u00a0\u00bb\u00a0\u00bb link=\u00a0\u00bburl:https%3A%2F%2Fammos.es%2Fwp-content%2Fuploads%2F2022%2F08%2Fgaleria-3-scaled.jpg\u00a0\u00bb image_id=\u00a0\u00bb5729&Prime; el_class=\u00a0\u00bbm-b-none\u00a0\u00bb][\/porto_image_frame][\/porto_grid_item][porto_grid_item width=\u00a0\u00bb33.3333%\u00a0\u00bb][porto_image_frame type=\u00a0\u00bbhover-style\u00a0\u00bb image_size=\u00a0\u00bblarge\u00a0\u00bb noborders=\u00a0\u00bbyes\u00a0\u00bb link_icon=\u00a0\u00bb\u00a0\u00bb link=\u00a0\u00bburl:https%3A%2F%2Fammos.es%2Fwp-content%2Fuploads%2F2022%2F08%2Fgaleria-4-scaled.jpg\u00a0\u00bb image_id=\u00a0\u00bb5733&Prime; el_class=\u00a0\u00bbm-b-none\u00a0\u00bb][\/porto_image_frame][\/porto_grid_item][porto_grid_item width=\u00a0\u00bb33.3333%\u00a0\u00bb el_class=\u00a0\u00bblast-port\u00a0\u00bb][porto_image_frame type=\u00a0\u00bbhover-style\u00a0\u00bb noborders=\u00a0\u00bbyes\u00a0\u00bb link_icon=\u00a0\u00bb\u00a0\u00bb link=\u00a0\u00bburl:https%3A%2F%2Fammos.es%2Fwp-content%2Fuploads%2F2022%2F08%2Fgaleria-5-scaled.jpg\u00a0\u00bb image_id=\u00a0\u00bb5737&Prime; el_class=\u00a0\u00bbm-b-none\u00a0\u00bb][\/porto_image_frame][\/porto_grid_item][\/porto_grid_container][porto_grid_container gutter_size=\u00a0\u00bb1%\u00a0\u00bb el_class=\u00a0\u00bbcol-3-port\u00a0\u00bb][porto_grid_item width=\u00a0\u00bb33.3333%\u00a0\u00bb el_class=\u00a0\u00bbport-last-line\u00a0\u00bb][porto_image_frame type=\u00a0\u00bbhover-style\u00a0\u00bb image_size=\u00a0\u00bblarge\u00a0\u00bb noborders=\u00a0\u00bbyes\u00a0\u00bb link_icon=\u00a0\u00bb\u00a0\u00bb link=\u00a0\u00bburl:https%3A%2F%2Fammos.es%2Fwp-content%2Fuploads%2F2022%2F08%2Fgaleria-6-scaled.jpg\u00a0\u00bb image_id=\u00a0\u00bb5741&Prime; el_class=\u00a0\u00bbm-b-none\u00a0\u00bb][\/porto_image_frame][\/porto_grid_item][porto_grid_item width=\u00a0\u00bb33.3333%\u00a0\u00bb el_class=\u00a0\u00bbport-last-line\u00a0\u00bb][porto_image_frame type=\u00a0\u00bbhover-style\u00a0\u00bb image_size=\u00a0\u00bblarge\u00a0\u00bb noborders=\u00a0\u00bbyes\u00a0\u00bb link_icon=\u00a0\u00bb\u00a0\u00bb link=\u00a0\u00bburl:https%3A%2F%2Fammos.es%2Fwp-content%2Fuploads%2F2022%2F08%2Fgaleria-7-scaled.jpg\u00a0\u00bb image_id=\u00a0\u00bb5745&Prime; el_class=\u00a0\u00bbm-b-none\u00a0\u00bb][\/porto_image_frame][\/porto_grid_item][porto_grid_item width=\u00a0\u00bb33.3333%\u00a0\u00bb el_class=\u00a0\u00bbcol-3-port-last\u00a0\u00bb][porto_image_frame type=\u00a0\u00bbhover-style\u00a0\u00bb image_size=\u00a0\u00bblarge\u00a0\u00bb noborders=\u00a0\u00bbyes\u00a0\u00bb link_icon=\u00a0\u00bb\u00a0\u00bb link=\u00a0\u00bburl:https%3A%2F%2Fammos.es%2Fwp-content%2Fuploads%2F2022%2F08%2Fgaleria-8-scaled.jpg\u00a0\u00bb image_id=\u00a0\u00bb5749&Prime; el_class=\u00a0\u00bbm-b-none\u00a0\u00bb][\/porto_image_frame][\/porto_grid_item][\/porto_grid_container][porto_grid_container gutter_size=\u00a0\u00bb1%\u00a0\u00bb el_class=\u00a0\u00bbportfolio-1&Prime;][porto_grid_item width=\u00a0\u00bb66.6666%\u00a0\u00bb][porto_image_frame type=\u00a0\u00bbhover-style\u00a0\u00bb noborders=\u00a0\u00bbyes\u00a0\u00bb link_icon=\u00a0\u00bb\u00a0\u00bb link=\u00a0\u00bburl:https%3A%2F%2Fammos.es%2Fwp-content%2Fuploads%2F2022%2F08%2Fgaleria-9-scaled.jpg\u00a0\u00bb image_id=\u00a0\u00bb5753&Prime; el_class=\u00a0\u00bbm-b-none\u00a0\u00bb][\/porto_image_frame][\/porto_grid_item][porto_grid_item width=\u00a0\u00bb33.3333%\u00a0\u00bb][porto_image_frame type=\u00a0\u00bbhover-style\u00a0\u00bb noborders=\u00a0\u00bbyes\u00a0\u00bb link_icon=\u00a0\u00bb\u00a0\u00bb link=\u00a0\u00bburl:https%3A%2F%2Fammos.es%2Fwp-content%2Fuploads%2F2022%2F08%2Fgaleria-1-scaled.jpg\u00a0\u00bb image_id=\u00a0\u00bb5757&Prime; el_class=\u00a0\u00bbm-b-none\u00a0\u00bb][\/porto_image_frame][\/porto_grid_item][porto_grid_item width=\u00a0\u00bb33.3333%\u00a0\u00bb el_class=\u00a0\u00bblast-port\u00a0\u00bb][porto_image_frame type=\u00a0\u00bbhover-style\u00a0\u00bb noborders=\u00a0\u00bbyes\u00a0\u00bb link_icon=\u00a0\u00bb\u00a0\u00bb link=\u00a0\u00bburl:https%3A%2F%2Fammos.es%2Fwp-content%2Fuploads%2F2022%2F08%2Fgaleria-2-scaled.jpg\u00a0\u00bb image_id=\u00a0\u00bb5761&Prime; el_class=\u00a0\u00bbm-b-none\u00a0\u00bb][\/porto_image_frame][\/porto_grid_item][\/porto_grid_container][\/porto_lightbox_container][\/vc_column][\/vc_row]<\/p>\n","protected":false},"excerpt":{"rendered":"<p>[vc_row no_padding=\u00a0\u00bbyes\u00a0\u00bb remove_margin_top=\u00a0\u00bbyes\u00a0\u00bb remove_margin_bottom=\u00a0\u00bbyes\u00a0\u00bb remove_padding_top=\u00a0\u00bbyes\u00a0\u00bb remove_padding_bottom=\u00a0\u00bbyes\u00a0\u00bb remove_border=\u00a0\u00bbyes\u00a0\u00bb][vc_column css=\u00a0\u00bb.vc_custom_1553066854517{padding-right: 0px !important;}\u00a0\u00bb][rev_slider alias=\u00a0\u00bbammos-denia10&Prime;][\/vc_column][\/vc_row][vc_row content_placement=\u00a0\u00bbmiddle\u00a0\u00bb wrap_container=\u00a0\u00bbyes\u00a0\u00bb is_section=\u00a0\u00bbyes\u00a0\u00bb section_skin=\u00a0\u00bbprimary\u00a0\u00bb remove_margin_top=\u00a0\u00bbyes\u00a0\u00bb remove_margin_bottom=\u00a0\u00bbyes\u00a0\u00bb css=\u00a0\u00bb.vc_custom_1614588762812{background-color: #009de9 !important;}\u00a0\u00bb][vc_column width=\u00a0\u00bb1\/2&Prime;][vc_btn title=\u00a0\u00bbPide online\u00a0\u00bb style=\u00a0\u00bboutline\u00a0\u00bb shape=\u00a0\u00bbrounded\u00a0\u00bb color=\u00a0\u00bbwhite\u00a0\u00bb size=\u00a0\u00bbxl\u00a0\u00bb align=\u00a0\u00bbcenter\u00a0\u00bb link=\u00a0\u00bburl:https%3A%2F%2Fammosdenia.readyme.app%2F%23|title:Pedido%20online%20Ammos%20Javea|target:_blank\u00a0\u00bb el_class=\u00a0\u00bbboton-reserva\u00a0\u00bb][\/vc_column][vc_column width=\u00a0\u00bb1\/2&Prime;][vc_btn title=\u00a0\u00bbPizza Veloce online\u00a0\u00bb style=\u00a0\u00bboutline\u00a0\u00bb shape=\u00a0\u00bbrounded\u00a0\u00bb color=\u00a0\u00bbwhite\u00a0\u00bb size=\u00a0\u00bbxl\u00a0\u00bb align=\u00a0\u00bbcenter\u00a0\u00bb link=\u00a0\u00bburl:https%3A%2F%2Fpizzavelocedenia.readyme.app%2F%23|title:Pizza%20veloce%20Javea%20online|target:_blank\u00a0\u00bb el_class=\u00a0\u00bbboton-reserva\u00a0\u00bb][\/vc_column][\/vc_row][vc_row wrap_container=\u00a0\u00bbyes\u00a0\u00bb css=\u00a0\u00bb.vc_custom_1528941974573{margin-top: 60px !important;}\u00a0\u00bb][vc_column][vc_custom_heading text=\u00a0\u00bbAmmos D\u00e9nia\u00a0\u00bb font_container=\u00a0\u00bbtag:h2|font_size:28|text_align:center|line_height:1&Prime; use_theme_fonts=\u00a0\u00bbyes\u00a0\u00bb el_class=\u00a0\u00bbfont-weight-bold\u00a0\u00bb][vc_column_text] Ammos D\u00e9nia es un restaurante [&hellip;]<\/p>\n","protected":false},"author":5,"featured_media":0,"parent":0,"menu_order":0,"comment_status":"closed","ping_status":"closed","template":"","meta":{"footnotes":""},"class_list":["post-5940","page","type-page","status-publish","hentry"],"_links":{"self":[{"href":"https:\/\/ammos.es\/fr\/wp-json\/wp\/v2\/pages\/5940","targetHints":{"allow":["GET"]}}],"collection":[{"href":"https:\/\/ammos.es\/fr\/wp-json\/wp\/v2\/pages"}],"about":[{"href":"https:\/\/ammos.es\/fr\/wp-json\/wp\/v2\/types\/page"}],"author":[{"embeddable":true,"href":"https:\/\/ammos.es\/fr\/wp-json\/wp\/v2\/users\/5"}],"replies":[{"embeddable":true,"href":"https:\/\/ammos.es\/fr\/wp-json\/wp\/v2\/comments?post=5940"}],"version-history":[{"count":20,"href":"https:\/\/ammos.es\/fr\/wp-json\/wp\/v2\/pages\/5940\/revisions"}],"predecessor-version":[{"id":8311,"href":"https:\/\/ammos.es\/fr\/wp-json\/wp\/v2\/pages\/5940\/revisions\/8311"}],"wp:attachment":[{"href":"https:\/\/ammos.es\/fr\/wp-json\/wp\/v2\/media?parent=5940"}],"curies":[{"name":"wp","href":"https:\/\/api.w.org\/{rel}","templated":true}]}}