{"id":796,"date":"2018-10-22T15:21:20","date_gmt":"2018-10-22T15:21:20","guid":{"rendered":"https:\/\/ammos.es\/about-us\/"},"modified":"2018-11-12T17:06:30","modified_gmt":"2018-11-12T17:06:30","slug":"about-us","status":"publish","type":"page","link":"https:\/\/ammos.es\/fr\/about-us\/","title":{"rendered":"ABOUT US"},"content":{"rendered":"<h1>\u00c0 propos d&rsquo;Ammos.<\/h1>\n<h2>Notre Histoire<\/h2>\n<p>En 2012, Corinna Xenakis, \u00e0 l\u2019\u00e2ge de 21 , a d\u00e9cid\u00e9 de relever un d\u00e9fi de taille: ouvrir un restaurant.<\/p>\n<p>L&#8217;emplacement a \u00e9t\u00e9 trouv\u00e9 et le restaurant a \u00e9t\u00e9 nomm\u00e9 Ammos.<\/p>\n<p>Pour Corinna (fondatrice et g\u00e9rante actuelle), terminant un \u00e9tude de tourisme, avec l&rsquo;aide de sa famille, a r\u00e9alis\u00e9 son r\u00eave, ouvrir le restaurant Ammos, situ\u00e9 dans un endroit magnifique \u00e0 Moraira.<\/p>\n<p>En mars 2017, le restaurant a \u00e9t\u00e9 r\u00e9nov\u00e9 et repeint de mani\u00e8re moderne, ludique et avec une atmosph\u00e8re unique.<\/p>\n<p>Le personnel amical travaille dur pour y fournir ce que fait de votre visite \u00e0 Ammos une exp\u00e9rience unique et relaxante.<\/p>\n<p>Le service et la qualit\u00e9 sont d&rsquo;une importance capitale, ce qui est bien entendue, le but de Corinna et de son equipe.<\/p>\n<p>Vous \u00eates tous les bienvenues chez nous.<\/p>\n<p>Venez manger et boire quelque chose \u00e0 Ammos bient\u00f4t ou vous pourrez d\u00e9guster des \u00abwaves of flavour\u00bb!<\/p>\n<p><img loading=\"lazy\" decoding=\"async\" width=\"1024\" height=\"683\" src=\"https:\/\/ammos.es\/wp-content\/uploads\/2017\/12\/Digital-Glu0052-1024x683.jpg\" alt=\"\" srcset=\"https:\/\/ammos.es\/wp-content\/uploads\/2017\/12\/Digital-Glu0052-1024x683.jpg 1024w, https:\/\/ammos.es\/wp-content\/uploads\/2017\/12\/Digital-Glu0052-300x200.jpg 300w, https:\/\/ammos.es\/wp-content\/uploads\/2017\/12\/Digital-Glu0052-768x512.jpg 768w, https:\/\/ammos.es\/wp-content\/uploads\/2017\/12\/Digital-Glu0052-272x182.jpg 272w, https:\/\/ammos.es\/wp-content\/uploads\/2017\/12\/Digital-Glu0052.jpg 1600w\" sizes=\"auto, (max-width: 1024px) 100vw, 1024px\"><br \/>\n<img loading=\"lazy\" decoding=\"async\" width=\"768\" height=\"512\" src=\"https:\/\/ammos.es\/wp-content\/uploads\/2017\/12\/Ammos-publicidad-768x512.jpg\" alt=\"\" srcset=\"https:\/\/ammos.es\/wp-content\/uploads\/2017\/12\/Ammos-publicidad-768x512.jpg 768w, https:\/\/ammos.es\/wp-content\/uploads\/2017\/12\/Ammos-publicidad-300x200.jpg 300w, https:\/\/ammos.es\/wp-content\/uploads\/2017\/12\/Ammos-publicidad-1024x683.jpg 1024w, https:\/\/ammos.es\/wp-content\/uploads\/2017\/12\/Ammos-publicidad-272x182.jpg 272w, https:\/\/ammos.es\/wp-content\/uploads\/2017\/12\/Ammos-publicidad.jpg 1600w\" sizes=\"auto, (max-width: 768px) 100vw, 768px\"><br \/>\n<img loading=\"lazy\" decoding=\"async\" width=\"768\" height=\"1152\" src=\"https:\/\/ammos.es\/wp-content\/uploads\/2017\/12\/IMG_5723-768x1152.jpg\" alt=\"\" srcset=\"https:\/\/ammos.es\/wp-content\/uploads\/2017\/12\/IMG_5723-768x1152.jpg 768w, https:\/\/ammos.es\/wp-content\/uploads\/2017\/12\/IMG_5723-200x300.jpg 200w, https:\/\/ammos.es\/wp-content\/uploads\/2017\/12\/IMG_5723-683x1024.jpg 683w, https:\/\/ammos.es\/wp-content\/uploads\/2017\/12\/IMG_5723.jpg 800w\" sizes=\"auto, (max-width: 768px) 100vw, 768px\"><\/p>\n<h3>Notre Philosophie<\/h3>\n<p>The philosophy at Ammos when explained in three words make it all pretty simple:&nbsp;<\/p>\n<p><strong>Cosy, Welcoming and Heart Warming<\/strong><\/p>\n<p>Just like at home, we treat guests like family, where the most important work is done within the walls of our happy place.&nbsp;<\/p>\n<p>We embrace every guest as if they are a friend, a part of our family, bringing our best positive energy to every table, aspiring to make every experience unique. Whether it be summer or winter, spring or autumn, the loving members of the team will warm your hearts whilst relaxing in a beautifully decorated ambience. Ultimately, we think every day is full of new beginnings and experiences which should be celebrated and talked about, and in Ammos this can be done whilst satisfying our tummy\u2019s with a large variety of food and flavours from all over the world.&nbsp;<\/p>\n<p>What better place to meet then at Ammos, where we already consider you as a friend? Where we guarantee that our guests have outstanding service every time they come \u201chome\u201d.<\/p>\n","protected":false},"excerpt":{"rendered":"<p>\u00c0 propos d&rsquo;Ammos. Notre Histoire En 2012, Corinna Xenakis, \u00e0 l\u2019\u00e2ge de 21 , a d\u00e9cid\u00e9 de relever un d\u00e9fi de taille: ouvrir un restaurant. L&#8217;emplacement a \u00e9t\u00e9 trouv\u00e9 et le restaurant a \u00e9t\u00e9 nomm\u00e9 Ammos. Pour Corinna (fondatrice et g\u00e9rante actuelle), terminant un \u00e9tude de tourisme, avec l&rsquo;aide de sa famille, a r\u00e9alis\u00e9 son [&hellip;]<\/p>\n","protected":false},"author":1,"featured_media":0,"parent":0,"menu_order":2,"comment_status":"closed","ping_status":"closed","template":"","meta":{"footnotes":""},"class_list":["post-796","page","type-page","status-publish","hentry"],"_links":{"self":[{"href":"https:\/\/ammos.es\/fr\/wp-json\/wp\/v2\/pages\/796","targetHints":{"allow":["GET"]}}],"collection":[{"href":"https:\/\/ammos.es\/fr\/wp-json\/wp\/v2\/pages"}],"about":[{"href":"https:\/\/ammos.es\/fr\/wp-json\/wp\/v2\/types\/page"}],"author":[{"embeddable":true,"href":"https:\/\/ammos.es\/fr\/wp-json\/wp\/v2\/users\/1"}],"replies":[{"embeddable":true,"href":"https:\/\/ammos.es\/fr\/wp-json\/wp\/v2\/comments?post=796"}],"version-history":[{"count":0,"href":"https:\/\/ammos.es\/fr\/wp-json\/wp\/v2\/pages\/796\/revisions"}],"wp:attachment":[{"href":"https:\/\/ammos.es\/fr\/wp-json\/wp\/v2\/media?parent=796"}],"curies":[{"name":"wp","href":"https:\/\/api.w.org\/{rel}","templated":true}]}}