{"id":8326,"date":"2023-11-02T21:14:07","date_gmt":"2023-11-02T20:14:07","guid":{"rendered":"https:\/\/ammos.es\/ammos-valencia\/"},"modified":"2023-11-02T21:14:08","modified_gmt":"2023-11-02T20:14:08","slug":"ammos-valencia","status":"publish","type":"page","link":"https:\/\/ammos.es\/fr\/ammos-valencia\/","title":{"rendered":"Ammos Valencia"},"content":{"rendered":"<p>[vc_row no_padding=\u00a0\u00bbyes\u00a0\u00bb remove_margin_top=\u00a0\u00bbyes\u00a0\u00bb remove_margin_bottom=\u00a0\u00bbyes\u00a0\u00bb remove_padding_top=\u00a0\u00bbyes\u00a0\u00bb remove_padding_bottom=\u00a0\u00bbyes\u00a0\u00bb remove_border=\u00a0\u00bbyes\u00a0\u00bb][vc_column css=\u00a0\u00bb.vc_custom_1553066854517{padding-right: 0px !important;}\u00a0\u00bb][rev_slider alias=\u00a0\u00bbammos-valencia\u00a0\u00bb][\/vc_column][\/vc_row][vc_row content_placement=\u00a0\u00bbmiddle\u00a0\u00bb wrap_container=\u00a0\u00bbyes\u00a0\u00bb is_section=\u00a0\u00bbyes\u00a0\u00bb section_skin=\u00a0\u00bbprimary\u00a0\u00bb remove_margin_top=\u00a0\u00bbyes\u00a0\u00bb remove_margin_bottom=\u00a0\u00bbyes\u00a0\u00bb css=\u00a0\u00bb.vc_custom_1614588762812{background-color: #009de9 !important;}\u00a0\u00bb][vc_column width=\u00a0\u00bb1\/2&Prime;][vc_btn title=\u00a0\u00bbPide online\u00a0\u00bb style=\u00a0\u00bboutline\u00a0\u00bb shape=\u00a0\u00bbrounded\u00a0\u00bb color=\u00a0\u00bbwhite\u00a0\u00bb size=\u00a0\u00bbxl\u00a0\u00bb align=\u00a0\u00bbcenter\u00a0\u00bb link=\u00a0\u00bburl:https%3A%2F%2Fammosvalencia.readyme.app%2F|title:Pedido%20online%20Ammos%20Valencia|target:_blank\u00a0\u00bb el_class=\u00a0\u00bbboton-reserva\u00a0\u00bb][\/vc_column][vc_column width=\u00a0\u00bb1\/2&Prime;][vc_btn title=\u00a0\u00bbPizza Veloce online\u00a0\u00bb style=\u00a0\u00bboutline\u00a0\u00bb shape=\u00a0\u00bbrounded\u00a0\u00bb color=\u00a0\u00bbwhite\u00a0\u00bb size=\u00a0\u00bbxl\u00a0\u00bb align=\u00a0\u00bbcenter\u00a0\u00bb link=\u00a0\u00bburl:https%3A%2F%2Fpizzavelocevalencia.readyme.app%2F|title:Pizza%20veloce%20Valencia%20online|target:_blank\u00a0\u00bb el_class=\u00a0\u00bbboton-reserva\u00a0\u00bb][\/vc_column][\/vc_row][vc_row wrap_container=\u00a0\u00bbyes\u00a0\u00bb css=\u00a0\u00bb.vc_custom_1528941974573{margin-top: 60px !important;}\u00a0\u00bb][vc_column][vc_custom_heading text=\u00a0\u00bbAmmos Valencia\u00a0\u00bb font_container=\u00a0\u00bbtag:h2|font_size:28|text_align:center|line_height:1&Prime; use_theme_fonts=\u00a0\u00bbyes\u00a0\u00bb el_class=\u00a0\u00bbfont-weight-bold\u00a0\u00bb][vc_column_text]<\/p>\n<p class=\"font-weight-normal custom-font-size-1 m-b-md\" style=\"text-align: center;\">Ammos Valencia es un restaurante acogedor y muy especial, situado junto a la Plaza de la Reina. Viaja a los lugares m\u00e1s incre\u00edbles del mundo desde Valencia. \u00bfTe atreves?<\/p>\n<p class=\"font-weight-normal custom-font-size-1 m-b-md\" style=\"text-align: center;\">Ammos Valencia se inaugura en 2022, tras el \u00e9xito de Ammos Group en Moraira y J\u00e1vea. Corinna Xenakis, fundadora y CEO de Ammos Group, abre el tercer restaurante del grupo, que contin\u00faa su expansi\u00f3n con el cuarto restaurante que ya se encuentra en funcionamiento en D\u00e9nia.<\/p>\n<p class=\"font-weight-normal custom-font-size-1 m-b-md\" style=\"text-align: center;\">En un lugar muy c\u00e9ntrico y encantador, nace una experiencia gastron\u00f3mica \u00fanica en Valencia, con diversos espacios y ambientes.<\/p>\n<p>[\/vc_column_text][vc_single_image image=\u00a0\u00bb5371&Prime; img_size=\u00a0\u00bblarge\u00a0\u00bb alignment=\u00a0\u00bbcenter\u00a0\u00bb][\/vc_column][\/vc_row][vc_row][vc_column][vc_column_text]<br \/>\n[\/vc_column_text][\/vc_column][\/vc_row][vc_row wrap_container=\u00a0\u00bbyes\u00a0\u00bb text_align=\u00a0\u00bbright\u00a0\u00bb is_section=\u00a0\u00bbyes\u00a0\u00bb remove_margin_top=\u00a0\u00bbyes\u00a0\u00bb el_class=\u00a0\u00bbphotographers p-t-xlg\u00a0\u00bb css=\u00a0\u00bb.vc_custom_1621587259887{background-color: #f7c8c9 !important;}\u00a0\u00bb][vc_column][vc_custom_heading text=\u00a0\u00bbPizza Veloce\u00a0\u00bb font_container=\u00a0\u00bbtag:h2|font_size:25|text_align:center|line_height:1&Prime; use_theme_fonts=\u00a0\u00bbyes\u00a0\u00bb el_class=\u00a0\u00bbcontainer font-weight-bold\u00a0\u00bb][vc_column_text]<\/p>\n<p class=\"font-weight-normal custom-font-size-1 m-b-md container\" style=\"text-align: center;\">Somos especialistas en la elaboraci\u00f3n de pizzas.<br \/>\nP\u00eddelas para recoger y pedir a domicilio a trav\u00e9s de nuestra p\u00e1gina web o llamando al 963 15 55 19. Ammos on wheels!<\/p>\n<p>[\/vc_column_text][vc_row_inner css=\u00a0\u00bb.vc_custom_1621586833364{margin-bottom: 25px !important;}\u00a0\u00bb][vc_column_inner][vc_single_image image=\u00a0\u00bb5385&Prime; img_size=\u00a0\u00bblarge\u00a0\u00bb alignment=\u00a0\u00bbcenter\u00a0\u00bb][\/vc_column_inner][\/vc_row_inner][\/vc_column][\/vc_row][vc_row][vc_column][vc_column_text]<\/p>\n<p>[\/vc_column_text][\/vc_column][\/vc_row][vc_row content_placement=\u00a0\u00bbmiddle\u00a0\u00bb wrap_container=\u00a0\u00bbyes\u00a0\u00bb text_align=\u00a0\u00bbright\u00a0\u00bb is_section=\u00a0\u00bbyes\u00a0\u00bb section_skin=\u00a0\u00bbparallax\u00a0\u00bb remove_margin_bottom=\u00a0\u00bbyes\u00a0\u00bb remove_padding_bottom=\u00a0\u00bbyes\u00a0\u00bb el_class=\u00a0\u00bbphotographers\u00a0\u00bb][vc_column width=\u00a0\u00bb2\/5&Prime;][vc_custom_heading text=\u00a0\u00bbSan Miguel Tap Station\u00a0\u00bb font_container=\u00a0\u00bbtag:h2|font_size:25|text_align:left|line_height:1&Prime; use_theme_fonts=\u00a0\u00bbyes\u00a0\u00bb el_class=\u00a0\u00bbcontainer font-weight-bold\u00a0\u00bb][vc_column_text]<\/p>\n<p class=\"font-weight-normal custom-font-size-1 m-b-md container\" style=\"text-align: left;\">Somos San Miguel Tap Station, con una gran variedad de cervezas de barril \u00fanica, inspirada en el estilo de diferentes cervezas del mundo: Tokio, Amsterdam, Praga, Londres y Berl\u00edn. Adem\u00e1s, tambi\u00e9n te ofrecemos una cata de estas cervezas con nuestro Kit Explorador.<\/p>\n<p>[\/vc_column_text][\/vc_column][vc_column width=\u00a0\u00bb3\/5&Prime;][porto_image_frame image_size=\u00a0\u00bblarge\u00a0\u00bb image_id=\u00a0\u00bb5389&Prime; el_class=\u00a0\u00bbcontainer p-b-xlg\u00a0\u00bb][\/porto_image_frame][\/vc_column][\/vc_row][vc_row][vc_column][vc_column_text]<\/p>\n<p>[\/vc_column_text][\/vc_column][\/vc_row][vc_row wrap_container=\u00a0\u00bbyes\u00a0\u00bb is_section=\u00a0\u00bbyes\u00a0\u00bb remove_margin_bottom=\u00a0\u00bbyes\u00a0\u00bb el_class=\u00a0\u00bbm-t-xlg p-t-xlg p-b-xlg\u00a0\u00bb][vc_column][porto_lightbox_container][porto_grid_container gutter_size=\u00a0\u00bb1%\u00a0\u00bb el_class=\u00a0\u00bbportfolio-1&Prime;][porto_grid_item width=\u00a0\u00bb66.6666%\u00a0\u00bb][porto_image_frame type=\u00a0\u00bbhover-style\u00a0\u00bb image_size=\u00a0\u00bblarge\u00a0\u00bb hover_bg=\u00a0\u00bblighten\u00a0\u00bb noborders=\u00a0\u00bbyes\u00a0\u00bb link_icon=\u00a0\u00bb\u00a0\u00bb image_id=\u00a0\u00bb5393&Prime; link=\u00a0\u00bburl:https%3A%2F%2Fammos.es%2Fwp-content%2Fuploads%2F2022%2F01%2F3.jpg\u00a0\u00bb el_class=\u00a0\u00bbm-b-none\u00a0\u00bb][\/porto_image_frame][\/porto_grid_item][porto_grid_item width=\u00a0\u00bb33.3333%\u00a0\u00bb][porto_image_frame type=\u00a0\u00bbhover-style\u00a0\u00bb hover_bg=\u00a0\u00bblighten\u00a0\u00bb noborders=\u00a0\u00bbyes\u00a0\u00bb link_icon=\u00a0\u00bb\u00a0\u00bb image_id=\u00a0\u00bb5397&Prime; link=\u00a0\u00bburl:https%3A%2F%2Fammos.es%2Fwp-content%2Fuploads%2F2022%2F01%2F2.jpg\u00a0\u00bb el_class=\u00a0\u00bbm-b-none\u00a0\u00bb][\/porto_image_frame][\/porto_grid_item][porto_grid_item width=\u00a0\u00bb33.3333%\u00a0\u00bb el_class=\u00a0\u00bblast-port\u00a0\u00bb][porto_image_frame type=\u00a0\u00bbhover-style\u00a0\u00bb hover_bg=\u00a0\u00bblighten\u00a0\u00bb noborders=\u00a0\u00bbyes\u00a0\u00bb link_icon=\u00a0\u00bb\u00a0\u00bb image_id=\u00a0\u00bb5401&Prime; link=\u00a0\u00bburl:https%3A%2F%2Fammos.es%2Fwp-content%2Fuploads%2F2022%2F01%2F1.jpg\u00a0\u00bb el_class=\u00a0\u00bbm-b-none\u00a0\u00bb][\/porto_image_frame][\/porto_grid_item][\/porto_grid_container][porto_grid_container gutter_size=\u00a0\u00bb1%\u00a0\u00bb el_class=\u00a0\u00bbcol-3-port\u00a0\u00bb][porto_grid_item width=\u00a0\u00bb33.3333%\u00a0\u00bb el_class=\u00a0\u00bbport-last-line\u00a0\u00bb][porto_image_frame type=\u00a0\u00bbhover-style\u00a0\u00bb hover_bg=\u00a0\u00bblighten\u00a0\u00bb noborders=\u00a0\u00bbyes\u00a0\u00bb link_icon=\u00a0\u00bb\u00a0\u00bb image_id=\u00a0\u00bb5405&Prime; link=\u00a0\u00bburl:https%3A%2F%2Fammos.es%2Fwp-content%2Fuploads%2F2022%2F01%2F7.jpg\u00a0\u00bb el_class=\u00a0\u00bbm-b-none\u00a0\u00bb][\/porto_image_frame][\/porto_grid_item][porto_grid_item width=\u00a0\u00bb33.3333%\u00a0\u00bb el_class=\u00a0\u00bbport-last-line\u00a0\u00bb][porto_image_frame type=\u00a0\u00bbhover-style\u00a0\u00bb hover_bg=\u00a0\u00bblighten\u00a0\u00bb noborders=\u00a0\u00bbyes\u00a0\u00bb link_icon=\u00a0\u00bb\u00a0\u00bb image_id=\u00a0\u00bb5409&Prime; link=\u00a0\u00bburl:https%3A%2F%2Fammos.es%2Fwp-content%2Fuploads%2F2022%2F01%2F8.jpg\u00a0\u00bb el_class=\u00a0\u00bbm-b-none\u00a0\u00bb][\/porto_image_frame][\/porto_grid_item][porto_grid_item width=\u00a0\u00bb33.3333%\u00a0\u00bb el_class=\u00a0\u00bbcol-3-port-last\u00a0\u00bb][porto_image_frame type=\u00a0\u00bbhover-style\u00a0\u00bb hover_bg=\u00a0\u00bblighten\u00a0\u00bb noborders=\u00a0\u00bbyes\u00a0\u00bb link_icon=\u00a0\u00bb\u00a0\u00bb image_id=\u00a0\u00bb5413&Prime; link=\u00a0\u00bburl:https%3A%2F%2Fammos.es%2Fwp-content%2Fuploads%2F2022%2F01%2F9.jpg\u00a0\u00bb el_class=\u00a0\u00bbm-b-none\u00a0\u00bb][\/porto_image_frame][\/porto_grid_item][\/porto_grid_container][porto_grid_container gutter_size=\u00a0\u00bb1%\u00a0\u00bb el_class=\u00a0\u00bbportfolio-1&Prime;][porto_grid_item width=\u00a0\u00bb66.6666%\u00a0\u00bb][porto_image_frame type=\u00a0\u00bbhover-style\u00a0\u00bb hover_bg=\u00a0\u00bblighten\u00a0\u00bb noborders=\u00a0\u00bbyes\u00a0\u00bb link_icon=\u00a0\u00bb\u00a0\u00bb image_id=\u00a0\u00bb5417&Prime; link=\u00a0\u00bburl:https%3A%2F%2Fammos.es%2Fwp-content%2Fuploads%2F2022%2F01%2F6.jpg\u00a0\u00bb el_class=\u00a0\u00bbm-b-none\u00a0\u00bb][\/porto_image_frame][\/porto_grid_item][porto_grid_item width=\u00a0\u00bb33.3333%\u00a0\u00bb][porto_image_frame type=\u00a0\u00bbhover-style\u00a0\u00bb hover_bg=\u00a0\u00bblighten\u00a0\u00bb noborders=\u00a0\u00bbyes\u00a0\u00bb link_icon=\u00a0\u00bb\u00a0\u00bb image_id=\u00a0\u00bb5421&Prime; link=\u00a0\u00bburl:https%3A%2F%2Fammos.es%2Fwp-content%2Fuploads%2F2022%2F01%2F5.jpg\u00a0\u00bb el_class=\u00a0\u00bbm-b-none\u00a0\u00bb][\/porto_image_frame][\/porto_grid_item][porto_grid_item width=\u00a0\u00bb33.3333%\u00a0\u00bb el_class=\u00a0\u00bblast-port\u00a0\u00bb][porto_image_frame type=\u00a0\u00bbhover-style\u00a0\u00bb hover_bg=\u00a0\u00bblighten\u00a0\u00bb noborders=\u00a0\u00bbyes\u00a0\u00bb link_icon=\u00a0\u00bb\u00a0\u00bb image_id=\u00a0\u00bb5425&Prime; link=\u00a0\u00bburl:https%3A%2F%2Fammos.es%2Fwp-content%2Fuploads%2F2022%2F01%2F6-1.jpg\u00a0\u00bb el_class=\u00a0\u00bbm-b-none\u00a0\u00bb][\/porto_image_frame][\/porto_grid_item][\/porto_grid_container][\/porto_lightbox_container][\/vc_column][\/vc_row]<\/p>\n","protected":false},"excerpt":{"rendered":"<p>[vc_row no_padding=\u00a0\u00bbyes\u00a0\u00bb remove_margin_top=\u00a0\u00bbyes\u00a0\u00bb remove_margin_bottom=\u00a0\u00bbyes\u00a0\u00bb remove_padding_top=\u00a0\u00bbyes\u00a0\u00bb remove_padding_bottom=\u00a0\u00bbyes\u00a0\u00bb remove_border=\u00a0\u00bbyes\u00a0\u00bb][vc_column css=\u00a0\u00bb.vc_custom_1553066854517{padding-right: 0px !important;}\u00a0\u00bb][rev_slider alias=\u00a0\u00bbammos-valencia\u00a0\u00bb][\/vc_column][\/vc_row][vc_row content_placement=\u00a0\u00bbmiddle\u00a0\u00bb wrap_container=\u00a0\u00bbyes\u00a0\u00bb is_section=\u00a0\u00bbyes\u00a0\u00bb section_skin=\u00a0\u00bbprimary\u00a0\u00bb remove_margin_top=\u00a0\u00bbyes\u00a0\u00bb remove_margin_bottom=\u00a0\u00bbyes\u00a0\u00bb css=\u00a0\u00bb.vc_custom_1614588762812{background-color: #009de9 !important;}\u00a0\u00bb][vc_column width=\u00a0\u00bb1\/2&Prime;][vc_btn title=\u00a0\u00bbPide online\u00a0\u00bb style=\u00a0\u00bboutline\u00a0\u00bb shape=\u00a0\u00bbrounded\u00a0\u00bb color=\u00a0\u00bbwhite\u00a0\u00bb size=\u00a0\u00bbxl\u00a0\u00bb align=\u00a0\u00bbcenter\u00a0\u00bb link=\u00a0\u00bburl:https%3A%2F%2Fammosvalencia.readyme.app%2F|title:Pedido%20online%20Ammos%20Valencia|target:_blank\u00a0\u00bb el_class=\u00a0\u00bbboton-reserva\u00a0\u00bb][\/vc_column][vc_column width=\u00a0\u00bb1\/2&Prime;][vc_btn title=\u00a0\u00bbPizza Veloce online\u00a0\u00bb style=\u00a0\u00bboutline\u00a0\u00bb shape=\u00a0\u00bbrounded\u00a0\u00bb color=\u00a0\u00bbwhite\u00a0\u00bb size=\u00a0\u00bbxl\u00a0\u00bb align=\u00a0\u00bbcenter\u00a0\u00bb link=\u00a0\u00bburl:https%3A%2F%2Fpizzavelocevalencia.readyme.app%2F|title:Pizza%20veloce%20Valencia%20online|target:_blank\u00a0\u00bb el_class=\u00a0\u00bbboton-reserva\u00a0\u00bb][\/vc_column][\/vc_row][vc_row wrap_container=\u00a0\u00bbyes\u00a0\u00bb css=\u00a0\u00bb.vc_custom_1528941974573{margin-top: 60px !important;}\u00a0\u00bb][vc_column][vc_custom_heading text=\u00a0\u00bbAmmos Valencia\u00a0\u00bb font_container=\u00a0\u00bbtag:h2|font_size:28|text_align:center|line_height:1&Prime; use_theme_fonts=\u00a0\u00bbyes\u00a0\u00bb el_class=\u00a0\u00bbfont-weight-bold\u00a0\u00bb][vc_column_text] Ammos Valencia es un restaurante [&hellip;]<\/p>\n","protected":false},"author":5,"featured_media":0,"parent":0,"menu_order":0,"comment_status":"closed","ping_status":"closed","template":"","meta":{"footnotes":""},"class_list":["post-8326","page","type-page","status-publish","hentry"],"_links":{"self":[{"href":"https:\/\/ammos.es\/fr\/wp-json\/wp\/v2\/pages\/8326","targetHints":{"allow":["GET"]}}],"collection":[{"href":"https:\/\/ammos.es\/fr\/wp-json\/wp\/v2\/pages"}],"about":[{"href":"https:\/\/ammos.es\/fr\/wp-json\/wp\/v2\/types\/page"}],"author":[{"embeddable":true,"href":"https:\/\/ammos.es\/fr\/wp-json\/wp\/v2\/users\/5"}],"replies":[{"embeddable":true,"href":"https:\/\/ammos.es\/fr\/wp-json\/wp\/v2\/comments?post=8326"}],"version-history":[{"count":1,"href":"https:\/\/ammos.es\/fr\/wp-json\/wp\/v2\/pages\/8326\/revisions"}],"predecessor-version":[{"id":8327,"href":"https:\/\/ammos.es\/fr\/wp-json\/wp\/v2\/pages\/8326\/revisions\/8327"}],"wp:attachment":[{"href":"https:\/\/ammos.es\/fr\/wp-json\/wp\/v2\/media?parent=8326"}],"curies":[{"name":"wp","href":"https:\/\/api.w.org\/{rel}","templated":true}]}}