{"id":8411,"date":"2023-11-02T21:44:34","date_gmt":"2023-11-02T20:44:34","guid":{"rendered":"https:\/\/ammos.es\/ammos-javea\/pizza-veloce-pizza-a-emporter-a-javea\/"},"modified":"2023-11-02T21:44:34","modified_gmt":"2023-11-02T20:44:34","slug":"pizza-veloce-pizza-a-emporter-a-javea","status":"publish","type":"page","link":"https:\/\/ammos.es\/fr\/ammos-javea\/pizza-veloce-pizza-a-emporter-a-javea\/","title":{"rendered":"Pizza Veloce &#8211; Pizza \u00e0 emporter \u00e0 J\u00e1vea"},"content":{"rendered":"","protected":false},"excerpt":{"rendered":"","protected":false},"author":5,"featured_media":0,"parent":8391,"menu_order":0,"comment_status":"closed","ping_status":"closed","template":"","meta":{"footnotes":""},"class_list":["post-8411","page","type-page","status-publish","hentry"],"_links":{"self":[{"href":"https:\/\/ammos.es\/fr\/wp-json\/wp\/v2\/pages\/8411","targetHints":{"allow":["GET"]}}],"collection":[{"href":"https:\/\/ammos.es\/fr\/wp-json\/wp\/v2\/pages"}],"about":[{"href":"https:\/\/ammos.es\/fr\/wp-json\/wp\/v2\/types\/page"}],"author":[{"embeddable":true,"href":"https:\/\/ammos.es\/fr\/wp-json\/wp\/v2\/users\/5"}],"replies":[{"embeddable":true,"href":"https:\/\/ammos.es\/fr\/wp-json\/wp\/v2\/comments?post=8411"}],"version-history":[{"count":1,"href":"https:\/\/ammos.es\/fr\/wp-json\/wp\/v2\/pages\/8411\/revisions"}],"predecessor-version":[{"id":8412,"href":"https:\/\/ammos.es\/fr\/wp-json\/wp\/v2\/pages\/8411\/revisions\/8412"}],"up":[{"embeddable":true,"href":"https:\/\/ammos.es\/fr\/wp-json\/wp\/v2\/pages\/8391"}],"wp:attachment":[{"href":"https:\/\/ammos.es\/fr\/wp-json\/wp\/v2\/media?parent=8411"}],"curies":[{"name":"wp","href":"https:\/\/api.w.org\/{rel}","templated":true}]}}