{"id":8273,"date":"2023-11-02T20:47:25","date_gmt":"2023-11-02T19:47:25","guid":{"rendered":"https:\/\/ammos.es\/ammos-denia\/"},"modified":"2023-11-02T20:47:25","modified_gmt":"2023-11-02T19:47:25","slug":"ammos-denia","status":"publish","type":"page","link":"https:\/\/ammos.es\/nl\/ammos-denia\/","title":{"rendered":"Ammos D\u00e9nia"},"content":{"rendered":"<p>[vc_row no_padding=&#8221;yes&#8221; remove_margin_top=&#8221;yes&#8221; remove_margin_bottom=&#8221;yes&#8221; remove_padding_top=&#8221;yes&#8221; remove_padding_bottom=&#8221;yes&#8221; remove_border=&#8221;yes&#8221;][vc_column css=&#8221;.vc_custom_1553066854517{padding-right: 0px !important;}&#8221;][rev_slider alias=&#8221;ammos-denia10&#8243;][\/vc_column][\/vc_row][vc_row content_placement=&#8221;middle&#8221; wrap_container=&#8221;yes&#8221; is_section=&#8221;yes&#8221; section_skin=&#8221;primary&#8221; remove_margin_top=&#8221;yes&#8221; remove_margin_bottom=&#8221;yes&#8221; css=&#8221;.vc_custom_1614588762812{background-color: #009de9 !important;}&#8221;][vc_column width=&#8221;1\/2&#8243;][vc_btn title=&#8221;Pide online&#8221; style=&#8221;outline&#8221; shape=&#8221;rounded&#8221; color=&#8221;white&#8221; size=&#8221;xl&#8221; align=&#8221;center&#8221; link=&#8221;url:https%3A%2F%2Fammosdenia.readyme.app%2F%23|title:Pedido%20online%20Ammos%20Javea|target:_blank&#8221; el_class=&#8221;boton-reserva&#8221;][\/vc_column][vc_column width=&#8221;1\/2&#8243;][vc_btn title=&#8221;Pizza Veloce online&#8221; style=&#8221;outline&#8221; shape=&#8221;rounded&#8221; color=&#8221;white&#8221; size=&#8221;xl&#8221; align=&#8221;center&#8221; link=&#8221;url:https%3A%2F%2Fpizzavelocedenia.readyme.app%2F%23|title:Pizza%20veloce%20Javea%20online|target:_blank&#8221; el_class=&#8221;boton-reserva&#8221;][\/vc_column][\/vc_row][vc_row wrap_container=&#8221;yes&#8221; css=&#8221;.vc_custom_1528941974573{margin-top: 60px !important;}&#8221;][vc_column][vc_custom_heading text=&#8221;Ammos D\u00e9nia&#8221; font_container=&#8221;tag:h2|font_size:28|text_align:center|line_height:1&#8243; use_theme_fonts=&#8221;yes&#8221; el_class=&#8221;font-weight-bold&#8221;][vc_column_text]<\/p>\n<p style=\"text-align: center;\">Ammos D\u00e9nia es un restaurante con un ambiente \u00fanico ubicado en pleno centro de la ciudad, en la calle Marqu\u00e9s de Campo. Disfrutar\u00e1s de los mejores platos del mundo sin moverte de nuestro restaurante. \u00bfEst\u00e1s listo?<\/p>\n<p style=\"text-align: center;\">Ammos D\u00e9nia comienza su andadura en el verano de 2022, tras la apertura de Ammos Valencia a principios de a\u00f1o, y el \u00e9xito de Ammos Group en Ammos Moraira y J\u00e1vea.<\/p>\n<p style=\"text-align: center;\">Corinna Xenakis, fundadora y CEO de Ammos Group, abre el cuarto restaurante del grupo, que contin\u00faa su expansi\u00f3n.<\/p>\n<p style=\"text-align: center;\">Con una ubicaci\u00f3n muy especial, Ammos crea una nueva experiencia gastron\u00f3mica \u00fanica en D\u00e9nia, con diversos espacios muy especiales.<\/p>\n<p>[\/vc_column_text][vc_single_image image=&#8221;5721&#8243; img_size=&#8221;large&#8221; alignment=&#8221;center&#8221;][\/vc_column][\/vc_row][vc_row wrap_container=&#8221;yes&#8221; css=&#8221;.vc_custom_1661238189566{margin-top: 60px !important;background-color: #f7c8c9 !important;}&#8221;][vc_column][vc_custom_heading text=&#8221;Pizza Veloce&#8221; font_container=&#8221;tag:h2|font_size:28|text_align:center|line_height:1&#8243; use_theme_fonts=&#8221;yes&#8221; el_class=&#8221;font-weight-bold&#8221; css=&#8221;.vc_custom_1661238328598{padding-top: 50px !important;}&#8221;][vc_column_text]<\/p>\n<p style=\"text-align: center;\">Ya puedes pedir nuestras pizzas para recoger en nuestro local de D\u00e9nia. Estamos especializados en cocinar las mejores pizzas, realizamos desde cero nuestra base para que disfrutes de la mejor calidad.<\/p>\n<p style=\"text-align: center;\">Muy pronto podr\u00e1s disfrutar de nuestro servicio a domicilio tambi\u00e9n. Ammos on wheels!<\/p>\n<p>[\/vc_column_text][vc_single_image image=&#8221;4777&#8243; img_size=&#8221;large&#8221; alignment=&#8221;center&#8221;][\/vc_column][\/vc_row][vc_row wrap_container=&#8221;yes&#8221; css=&#8221;.vc_custom_1528941974573{margin-top: 60px !important;}&#8221;][vc_column][porto_lightbox_container][porto_grid_container el_class=&#8221;portfolio-1&#8243;][porto_grid_item width=&#8221;66.6666%&#8221;][porto_image_frame type=&#8221;hover-style&#8221; noborders=&#8221;yes&#8221; link_icon=&#8221;&#8221; link=&#8221;url:https%3A%2F%2Fammos.es%2Fwp-content%2Fuploads%2F2022%2F08%2Fgaleria-3-scaled.jpg&#8221; image_id=&#8221;5729&#8243; el_class=&#8221;m-b-none&#8221;][\/porto_image_frame][\/porto_grid_item][porto_grid_item width=&#8221;33.3333%&#8221;][porto_image_frame type=&#8221;hover-style&#8221; image_size=&#8221;large&#8221; noborders=&#8221;yes&#8221; link_icon=&#8221;&#8221; link=&#8221;url:https%3A%2F%2Fammos.es%2Fwp-content%2Fuploads%2F2022%2F08%2Fgaleria-4-scaled.jpg&#8221; image_id=&#8221;5733&#8243; el_class=&#8221;m-b-none&#8221;][\/porto_image_frame][\/porto_grid_item][porto_grid_item width=&#8221;33.3333%&#8221; el_class=&#8221;last-port&#8221;][porto_image_frame type=&#8221;hover-style&#8221; noborders=&#8221;yes&#8221; link_icon=&#8221;&#8221; link=&#8221;url:https%3A%2F%2Fammos.es%2Fwp-content%2Fuploads%2F2022%2F08%2Fgaleria-5-scaled.jpg&#8221; image_id=&#8221;5737&#8243; el_class=&#8221;m-b-none&#8221;][\/porto_image_frame][\/porto_grid_item][\/porto_grid_container][porto_grid_container gutter_size=&#8221;1%&#8221; el_class=&#8221;col-3-port&#8221;][porto_grid_item width=&#8221;33.3333%&#8221; el_class=&#8221;port-last-line&#8221;][porto_image_frame type=&#8221;hover-style&#8221; image_size=&#8221;large&#8221; noborders=&#8221;yes&#8221; link_icon=&#8221;&#8221; link=&#8221;url:https%3A%2F%2Fammos.es%2Fwp-content%2Fuploads%2F2022%2F08%2Fgaleria-6-scaled.jpg&#8221; image_id=&#8221;5741&#8243; el_class=&#8221;m-b-none&#8221;][\/porto_image_frame][\/porto_grid_item][porto_grid_item width=&#8221;33.3333%&#8221; el_class=&#8221;port-last-line&#8221;][porto_image_frame type=&#8221;hover-style&#8221; image_size=&#8221;large&#8221; noborders=&#8221;yes&#8221; link_icon=&#8221;&#8221; link=&#8221;url:https%3A%2F%2Fammos.es%2Fwp-content%2Fuploads%2F2022%2F08%2Fgaleria-7-scaled.jpg&#8221; image_id=&#8221;5745&#8243; el_class=&#8221;m-b-none&#8221;][\/porto_image_frame][\/porto_grid_item][porto_grid_item width=&#8221;33.3333%&#8221; el_class=&#8221;col-3-port-last&#8221;][porto_image_frame type=&#8221;hover-style&#8221; image_size=&#8221;large&#8221; noborders=&#8221;yes&#8221; link_icon=&#8221;&#8221; link=&#8221;url:https%3A%2F%2Fammos.es%2Fwp-content%2Fuploads%2F2022%2F08%2Fgaleria-8-scaled.jpg&#8221; image_id=&#8221;5749&#8243; el_class=&#8221;m-b-none&#8221;][\/porto_image_frame][\/porto_grid_item][\/porto_grid_container][porto_grid_container gutter_size=&#8221;1%&#8221; el_class=&#8221;portfolio-1&#8243;][porto_grid_item width=&#8221;66.6666%&#8221;][porto_image_frame type=&#8221;hover-style&#8221; noborders=&#8221;yes&#8221; link_icon=&#8221;&#8221; link=&#8221;url:https%3A%2F%2Fammos.es%2Fwp-content%2Fuploads%2F2022%2F08%2Fgaleria-9-scaled.jpg&#8221; image_id=&#8221;5753&#8243; el_class=&#8221;m-b-none&#8221;][\/porto_image_frame][\/porto_grid_item][porto_grid_item width=&#8221;33.3333%&#8221;][porto_image_frame type=&#8221;hover-style&#8221; noborders=&#8221;yes&#8221; link_icon=&#8221;&#8221; link=&#8221;url:https%3A%2F%2Fammos.es%2Fwp-content%2Fuploads%2F2022%2F08%2Fgaleria-1-scaled.jpg&#8221; image_id=&#8221;5757&#8243; el_class=&#8221;m-b-none&#8221;][\/porto_image_frame][\/porto_grid_item][porto_grid_item width=&#8221;33.3333%&#8221; el_class=&#8221;last-port&#8221;][porto_image_frame type=&#8221;hover-style&#8221; noborders=&#8221;yes&#8221; link_icon=&#8221;&#8221; link=&#8221;url:https%3A%2F%2Fammos.es%2Fwp-content%2Fuploads%2F2022%2F08%2Fgaleria-2-scaled.jpg&#8221; image_id=&#8221;5761&#8243; el_class=&#8221;m-b-none&#8221;][\/porto_image_frame][\/porto_grid_item][\/porto_grid_container][\/porto_lightbox_container][\/vc_column][\/vc_row]<\/p>\n","protected":false},"excerpt":{"rendered":"<p>[vc_row no_padding=&#8221;yes&#8221; remove_margin_top=&#8221;yes&#8221; remove_margin_bottom=&#8221;yes&#8221; remove_padding_top=&#8221;yes&#8221; remove_padding_bottom=&#8221;yes&#8221; remove_border=&#8221;yes&#8221;][vc_column css=&#8221;.vc_custom_1553066854517{padding-right: 0px !important;}&#8221;][rev_slider alias=&#8221;ammos-denia10&#8243;][\/vc_column][\/vc_row][vc_row content_placement=&#8221;middle&#8221; wrap_container=&#8221;yes&#8221; is_section=&#8221;yes&#8221; section_skin=&#8221;primary&#8221; remove_margin_top=&#8221;yes&#8221; remove_margin_bottom=&#8221;yes&#8221; css=&#8221;.vc_custom_1614588762812{background-color: #009de9 !important;}&#8221;][vc_column width=&#8221;1\/2&#8243;][vc_btn title=&#8221;Pide online&#8221; style=&#8221;outline&#8221; shape=&#8221;rounded&#8221; color=&#8221;white&#8221; size=&#8221;xl&#8221; align=&#8221;center&#8221; link=&#8221;url:https%3A%2F%2Fammosdenia.readyme.app%2F%23|title:Pedido%20online%20Ammos%20Javea|target:_blank&#8221; el_class=&#8221;boton-reserva&#8221;][\/vc_column][vc_column width=&#8221;1\/2&#8243;][vc_btn title=&#8221;Pizza Veloce online&#8221; style=&#8221;outline&#8221; shape=&#8221;rounded&#8221; color=&#8221;white&#8221; size=&#8221;xl&#8221; align=&#8221;center&#8221; link=&#8221;url:https%3A%2F%2Fpizzavelocedenia.readyme.app%2F%23|title:Pizza%20veloce%20Javea%20online|target:_blank&#8221; el_class=&#8221;boton-reserva&#8221;][\/vc_column][\/vc_row][vc_row wrap_container=&#8221;yes&#8221; css=&#8221;.vc_custom_1528941974573{margin-top: 60px !important;}&#8221;][vc_column][vc_custom_heading text=&#8221;Ammos D\u00e9nia&#8221; font_container=&#8221;tag:h2|font_size:28|text_align:center|line_height:1&#8243; use_theme_fonts=&#8221;yes&#8221; el_class=&#8221;font-weight-bold&#8221;][vc_column_text] Ammos D\u00e9nia es un restaurante [&hellip;]<\/p>\n","protected":false},"author":5,"featured_media":0,"parent":0,"menu_order":0,"comment_status":"closed","ping_status":"closed","template":"","meta":{"footnotes":""},"class_list":["post-8273","page","type-page","status-publish","hentry"],"_links":{"self":[{"href":"https:\/\/ammos.es\/nl\/wp-json\/wp\/v2\/pages\/8273","targetHints":{"allow":["GET"]}}],"collection":[{"href":"https:\/\/ammos.es\/nl\/wp-json\/wp\/v2\/pages"}],"about":[{"href":"https:\/\/ammos.es\/nl\/wp-json\/wp\/v2\/types\/page"}],"author":[{"embeddable":true,"href":"https:\/\/ammos.es\/nl\/wp-json\/wp\/v2\/users\/5"}],"replies":[{"embeddable":true,"href":"https:\/\/ammos.es\/nl\/wp-json\/wp\/v2\/comments?post=8273"}],"version-history":[{"count":1,"href":"https:\/\/ammos.es\/nl\/wp-json\/wp\/v2\/pages\/8273\/revisions"}],"predecessor-version":[{"id":8274,"href":"https:\/\/ammos.es\/nl\/wp-json\/wp\/v2\/pages\/8273\/revisions\/8274"}],"wp:attachment":[{"href":"https:\/\/ammos.es\/nl\/wp-json\/wp\/v2\/media?parent=8273"}],"curies":[{"name":"wp","href":"https:\/\/api.w.org\/{rel}","templated":true}]}}