{"id":8324,"date":"2023-11-02T21:09:56","date_gmt":"2023-11-02T20:09:56","guid":{"rendered":"https:\/\/ammos.es\/ammos-valencia\/"},"modified":"2023-11-02T21:09:57","modified_gmt":"2023-11-02T20:09:57","slug":"ammos-valencia","status":"publish","type":"page","link":"https:\/\/ammos.es\/nl\/ammos-valencia\/","title":{"rendered":"Ammos Valencia"},"content":{"rendered":"<p>[vc_row no_padding=&#8221;yes&#8221; remove_margin_top=&#8221;yes&#8221; remove_margin_bottom=&#8221;yes&#8221; remove_padding_top=&#8221;yes&#8221; remove_padding_bottom=&#8221;yes&#8221; remove_border=&#8221;yes&#8221;][vc_column css=&#8221;.vc_custom_1553066854517{padding-right: 0px !important;}&#8221;][rev_slider alias=&#8221;ammos-valencia&#8221;][\/vc_column][\/vc_row][vc_row content_placement=&#8221;middle&#8221; wrap_container=&#8221;yes&#8221; is_section=&#8221;yes&#8221; section_skin=&#8221;primary&#8221; remove_margin_top=&#8221;yes&#8221; remove_margin_bottom=&#8221;yes&#8221; css=&#8221;.vc_custom_1614588762812{background-color: #009de9 !important;}&#8221;][vc_column width=&#8221;1\/2&#8243;][vc_btn title=&#8221;Pide online&#8221; style=&#8221;outline&#8221; shape=&#8221;rounded&#8221; color=&#8221;white&#8221; size=&#8221;xl&#8221; align=&#8221;center&#8221; link=&#8221;url:https%3A%2F%2Fammosvalencia.readyme.app%2F|title:Pedido%20online%20Ammos%20Valencia|target:_blank&#8221; el_class=&#8221;boton-reserva&#8221;][\/vc_column][vc_column width=&#8221;1\/2&#8243;][vc_btn title=&#8221;Pizza Veloce online&#8221; style=&#8221;outline&#8221; shape=&#8221;rounded&#8221; color=&#8221;white&#8221; size=&#8221;xl&#8221; align=&#8221;center&#8221; link=&#8221;url:https%3A%2F%2Fpizzavelocevalencia.readyme.app%2F|title:Pizza%20veloce%20Valencia%20online|target:_blank&#8221; el_class=&#8221;boton-reserva&#8221;][\/vc_column][\/vc_row][vc_row wrap_container=&#8221;yes&#8221; css=&#8221;.vc_custom_1528941974573{margin-top: 60px !important;}&#8221;][vc_column][vc_custom_heading text=&#8221;Ammos Valencia&#8221; font_container=&#8221;tag:h2|font_size:28|text_align:center|line_height:1&#8243; use_theme_fonts=&#8221;yes&#8221; el_class=&#8221;font-weight-bold&#8221;][vc_column_text]<\/p>\n<p class=\"font-weight-normal custom-font-size-1 m-b-md\" style=\"text-align: center;\">Ammos Valencia es un restaurante acogedor y muy especial, situado junto a la Plaza de la Reina. Viaja a los lugares m\u00e1s incre\u00edbles del mundo desde Valencia. \u00bfTe atreves?<\/p>\n<p class=\"font-weight-normal custom-font-size-1 m-b-md\" style=\"text-align: center;\">Ammos Valencia se inaugura en 2022, tras el \u00e9xito de Ammos Group en Moraira y J\u00e1vea. Corinna Xenakis, fundadora y CEO de Ammos Group, abre el tercer restaurante del grupo, que contin\u00faa su expansi\u00f3n con el cuarto restaurante que ya se encuentra en funcionamiento en D\u00e9nia.<\/p>\n<p class=\"font-weight-normal custom-font-size-1 m-b-md\" style=\"text-align: center;\">En un lugar muy c\u00e9ntrico y encantador, nace una experiencia gastron\u00f3mica \u00fanica en Valencia, con diversos espacios y ambientes.<\/p>\n<p>[\/vc_column_text][vc_single_image image=&#8221;5371&#8243; img_size=&#8221;large&#8221; alignment=&#8221;center&#8221;][\/vc_column][\/vc_row][vc_row][vc_column][vc_column_text]<br \/>\n[\/vc_column_text][\/vc_column][\/vc_row][vc_row wrap_container=&#8221;yes&#8221; text_align=&#8221;right&#8221; is_section=&#8221;yes&#8221; remove_margin_top=&#8221;yes&#8221; el_class=&#8221;photographers p-t-xlg&#8221; css=&#8221;.vc_custom_1621587259887{background-color: #f7c8c9 !important;}&#8221;][vc_column][vc_custom_heading text=&#8221;Pizza Veloce&#8221; font_container=&#8221;tag:h2|font_size:25|text_align:center|line_height:1&#8243; use_theme_fonts=&#8221;yes&#8221; el_class=&#8221;container font-weight-bold&#8221;][vc_column_text]<\/p>\n<p class=\"font-weight-normal custom-font-size-1 m-b-md container\" style=\"text-align: center;\">Somos especialistas en la elaboraci\u00f3n de pizzas.<br \/>\nP\u00eddelas para recoger y pedir a domicilio a trav\u00e9s de nuestra p\u00e1gina web o llamando al 963 15 55 19. Ammos on wheels!<\/p>\n<p>[\/vc_column_text][vc_row_inner css=&#8221;.vc_custom_1621586833364{margin-bottom: 25px !important;}&#8221;][vc_column_inner][vc_single_image image=&#8221;5385&#8243; img_size=&#8221;large&#8221; alignment=&#8221;center&#8221;][\/vc_column_inner][\/vc_row_inner][\/vc_column][\/vc_row][vc_row][vc_column][vc_column_text]<\/p>\n<p>[\/vc_column_text][\/vc_column][\/vc_row][vc_row content_placement=&#8221;middle&#8221; wrap_container=&#8221;yes&#8221; text_align=&#8221;right&#8221; is_section=&#8221;yes&#8221; section_skin=&#8221;parallax&#8221; remove_margin_bottom=&#8221;yes&#8221; remove_padding_bottom=&#8221;yes&#8221; el_class=&#8221;photographers&#8221;][vc_column width=&#8221;2\/5&#8243;][vc_custom_heading text=&#8221;San Miguel Tap Station&#8221; font_container=&#8221;tag:h2|font_size:25|text_align:left|line_height:1&#8243; use_theme_fonts=&#8221;yes&#8221; el_class=&#8221;container font-weight-bold&#8221;][vc_column_text]<\/p>\n<p class=\"font-weight-normal custom-font-size-1 m-b-md container\" style=\"text-align: left;\">Somos San Miguel Tap Station, con una gran variedad de cervezas de barril \u00fanica, inspirada en el estilo de diferentes cervezas del mundo: Tokio, Amsterdam, Praga, Londres y Berl\u00edn. Adem\u00e1s, tambi\u00e9n te ofrecemos una cata de estas cervezas con nuestro Kit Explorador.<\/p>\n<p>[\/vc_column_text][\/vc_column][vc_column width=&#8221;3\/5&#8243;][porto_image_frame image_size=&#8221;large&#8221; image_id=&#8221;5389&#8243; el_class=&#8221;container p-b-xlg&#8221;][\/porto_image_frame][\/vc_column][\/vc_row][vc_row][vc_column][vc_column_text]<\/p>\n<p>[\/vc_column_text][\/vc_column][\/vc_row][vc_row wrap_container=&#8221;yes&#8221; is_section=&#8221;yes&#8221; remove_margin_bottom=&#8221;yes&#8221; el_class=&#8221;m-t-xlg p-t-xlg p-b-xlg&#8221;][vc_column][porto_lightbox_container][porto_grid_container gutter_size=&#8221;1%&#8221; el_class=&#8221;portfolio-1&#8243;][porto_grid_item width=&#8221;66.6666%&#8221;][porto_image_frame type=&#8221;hover-style&#8221; image_size=&#8221;large&#8221; hover_bg=&#8221;lighten&#8221; noborders=&#8221;yes&#8221; link_icon=&#8221;&#8221; image_id=&#8221;5393&#8243; link=&#8221;url:https%3A%2F%2Fammos.es%2Fwp-content%2Fuploads%2F2022%2F01%2F3.jpg&#8221; el_class=&#8221;m-b-none&#8221;][\/porto_image_frame][\/porto_grid_item][porto_grid_item width=&#8221;33.3333%&#8221;][porto_image_frame type=&#8221;hover-style&#8221; hover_bg=&#8221;lighten&#8221; noborders=&#8221;yes&#8221; link_icon=&#8221;&#8221; image_id=&#8221;5397&#8243; link=&#8221;url:https%3A%2F%2Fammos.es%2Fwp-content%2Fuploads%2F2022%2F01%2F2.jpg&#8221; el_class=&#8221;m-b-none&#8221;][\/porto_image_frame][\/porto_grid_item][porto_grid_item width=&#8221;33.3333%&#8221; el_class=&#8221;last-port&#8221;][porto_image_frame type=&#8221;hover-style&#8221; hover_bg=&#8221;lighten&#8221; noborders=&#8221;yes&#8221; link_icon=&#8221;&#8221; image_id=&#8221;5401&#8243; link=&#8221;url:https%3A%2F%2Fammos.es%2Fwp-content%2Fuploads%2F2022%2F01%2F1.jpg&#8221; el_class=&#8221;m-b-none&#8221;][\/porto_image_frame][\/porto_grid_item][\/porto_grid_container][porto_grid_container gutter_size=&#8221;1%&#8221; el_class=&#8221;col-3-port&#8221;][porto_grid_item width=&#8221;33.3333%&#8221; el_class=&#8221;port-last-line&#8221;][porto_image_frame type=&#8221;hover-style&#8221; hover_bg=&#8221;lighten&#8221; noborders=&#8221;yes&#8221; link_icon=&#8221;&#8221; image_id=&#8221;5405&#8243; link=&#8221;url:https%3A%2F%2Fammos.es%2Fwp-content%2Fuploads%2F2022%2F01%2F7.jpg&#8221; el_class=&#8221;m-b-none&#8221;][\/porto_image_frame][\/porto_grid_item][porto_grid_item width=&#8221;33.3333%&#8221; el_class=&#8221;port-last-line&#8221;][porto_image_frame type=&#8221;hover-style&#8221; hover_bg=&#8221;lighten&#8221; noborders=&#8221;yes&#8221; link_icon=&#8221;&#8221; image_id=&#8221;5409&#8243; link=&#8221;url:https%3A%2F%2Fammos.es%2Fwp-content%2Fuploads%2F2022%2F01%2F8.jpg&#8221; el_class=&#8221;m-b-none&#8221;][\/porto_image_frame][\/porto_grid_item][porto_grid_item width=&#8221;33.3333%&#8221; el_class=&#8221;col-3-port-last&#8221;][porto_image_frame type=&#8221;hover-style&#8221; hover_bg=&#8221;lighten&#8221; noborders=&#8221;yes&#8221; link_icon=&#8221;&#8221; image_id=&#8221;5413&#8243; link=&#8221;url:https%3A%2F%2Fammos.es%2Fwp-content%2Fuploads%2F2022%2F01%2F9.jpg&#8221; el_class=&#8221;m-b-none&#8221;][\/porto_image_frame][\/porto_grid_item][\/porto_grid_container][porto_grid_container gutter_size=&#8221;1%&#8221; el_class=&#8221;portfolio-1&#8243;][porto_grid_item width=&#8221;66.6666%&#8221;][porto_image_frame type=&#8221;hover-style&#8221; hover_bg=&#8221;lighten&#8221; noborders=&#8221;yes&#8221; link_icon=&#8221;&#8221; image_id=&#8221;5417&#8243; link=&#8221;url:https%3A%2F%2Fammos.es%2Fwp-content%2Fuploads%2F2022%2F01%2F6.jpg&#8221; el_class=&#8221;m-b-none&#8221;][\/porto_image_frame][\/porto_grid_item][porto_grid_item width=&#8221;33.3333%&#8221;][porto_image_frame type=&#8221;hover-style&#8221; hover_bg=&#8221;lighten&#8221; noborders=&#8221;yes&#8221; link_icon=&#8221;&#8221; image_id=&#8221;5421&#8243; link=&#8221;url:https%3A%2F%2Fammos.es%2Fwp-content%2Fuploads%2F2022%2F01%2F5.jpg&#8221; el_class=&#8221;m-b-none&#8221;][\/porto_image_frame][\/porto_grid_item][porto_grid_item width=&#8221;33.3333%&#8221; el_class=&#8221;last-port&#8221;][porto_image_frame type=&#8221;hover-style&#8221; hover_bg=&#8221;lighten&#8221; noborders=&#8221;yes&#8221; link_icon=&#8221;&#8221; image_id=&#8221;5425&#8243; link=&#8221;url:https%3A%2F%2Fammos.es%2Fwp-content%2Fuploads%2F2022%2F01%2F6-1.jpg&#8221; el_class=&#8221;m-b-none&#8221;][\/porto_image_frame][\/porto_grid_item][\/porto_grid_container][\/porto_lightbox_container][\/vc_column][\/vc_row]<\/p>\n","protected":false},"excerpt":{"rendered":"<p>[vc_row no_padding=&#8221;yes&#8221; remove_margin_top=&#8221;yes&#8221; remove_margin_bottom=&#8221;yes&#8221; remove_padding_top=&#8221;yes&#8221; remove_padding_bottom=&#8221;yes&#8221; remove_border=&#8221;yes&#8221;][vc_column css=&#8221;.vc_custom_1553066854517{padding-right: 0px !important;}&#8221;][rev_slider alias=&#8221;ammos-valencia&#8221;][\/vc_column][\/vc_row][vc_row content_placement=&#8221;middle&#8221; wrap_container=&#8221;yes&#8221; is_section=&#8221;yes&#8221; section_skin=&#8221;primary&#8221; remove_margin_top=&#8221;yes&#8221; remove_margin_bottom=&#8221;yes&#8221; css=&#8221;.vc_custom_1614588762812{background-color: #009de9 !important;}&#8221;][vc_column width=&#8221;1\/2&#8243;][vc_btn title=&#8221;Pide online&#8221; style=&#8221;outline&#8221; shape=&#8221;rounded&#8221; color=&#8221;white&#8221; size=&#8221;xl&#8221; align=&#8221;center&#8221; link=&#8221;url:https%3A%2F%2Fammosvalencia.readyme.app%2F|title:Pedido%20online%20Ammos%20Valencia|target:_blank&#8221; el_class=&#8221;boton-reserva&#8221;][\/vc_column][vc_column width=&#8221;1\/2&#8243;][vc_btn title=&#8221;Pizza Veloce online&#8221; style=&#8221;outline&#8221; shape=&#8221;rounded&#8221; color=&#8221;white&#8221; size=&#8221;xl&#8221; align=&#8221;center&#8221; link=&#8221;url:https%3A%2F%2Fpizzavelocevalencia.readyme.app%2F|title:Pizza%20veloce%20Valencia%20online|target:_blank&#8221; el_class=&#8221;boton-reserva&#8221;][\/vc_column][\/vc_row][vc_row wrap_container=&#8221;yes&#8221; css=&#8221;.vc_custom_1528941974573{margin-top: 60px !important;}&#8221;][vc_column][vc_custom_heading text=&#8221;Ammos Valencia&#8221; font_container=&#8221;tag:h2|font_size:28|text_align:center|line_height:1&#8243; use_theme_fonts=&#8221;yes&#8221; el_class=&#8221;font-weight-bold&#8221;][vc_column_text] Ammos Valencia es un restaurante [&hellip;]<\/p>\n","protected":false},"author":5,"featured_media":0,"parent":0,"menu_order":0,"comment_status":"closed","ping_status":"closed","template":"","meta":{"footnotes":""},"class_list":["post-8324","page","type-page","status-publish","hentry"],"_links":{"self":[{"href":"https:\/\/ammos.es\/nl\/wp-json\/wp\/v2\/pages\/8324","targetHints":{"allow":["GET"]}}],"collection":[{"href":"https:\/\/ammos.es\/nl\/wp-json\/wp\/v2\/pages"}],"about":[{"href":"https:\/\/ammos.es\/nl\/wp-json\/wp\/v2\/types\/page"}],"author":[{"embeddable":true,"href":"https:\/\/ammos.es\/nl\/wp-json\/wp\/v2\/users\/5"}],"replies":[{"embeddable":true,"href":"https:\/\/ammos.es\/nl\/wp-json\/wp\/v2\/comments?post=8324"}],"version-history":[{"count":1,"href":"https:\/\/ammos.es\/nl\/wp-json\/wp\/v2\/pages\/8324\/revisions"}],"predecessor-version":[{"id":8325,"href":"https:\/\/ammos.es\/nl\/wp-json\/wp\/v2\/pages\/8324\/revisions\/8325"}],"wp:attachment":[{"href":"https:\/\/ammos.es\/nl\/wp-json\/wp\/v2\/media?parent=8324"}],"curies":[{"name":"wp","href":"https:\/\/api.w.org\/{rel}","templated":true}]}}