{"id":8379,"date":"2023-11-02T21:29:16","date_gmt":"2023-11-02T20:29:16","guid":{"rendered":"https:\/\/ammos.es\/privacybeleid\/"},"modified":"2023-11-02T21:29:17","modified_gmt":"2023-11-02T20:29:17","slug":"privacybeleid","status":"publish","type":"page","link":"https:\/\/ammos.es\/nl\/privacybeleid\/","title":{"rendered":"Privacybeleid"},"content":{"rendered":"<p>AMMOS RESTAURANTS &amp; BARS SL con CIF B42611889 con domicilio en AVENIDA DE LA PAZ, 20, MORAIRA (ALICANTE), 03724 es titular del sitio web y responsable del tratamiento de los datos de car\u00e1cter personal que los usuarios suministran a trav\u00e9s de este sitio web.<br \/>\nAMMOS informa a los usuarios de este sitio web sobre su pol\u00edtica respecto del tratamiento y protecci\u00f3n de los datos de car\u00e1cter personal de los usuarios y clientes que puedan ser recabados por la navegaci\u00f3n y uso de este sitio web.<br \/>\nLa finalidad de este documento es informar a los usuarios sobre qu\u00e9 hacemos con sus datos personales, c\u00f3mo se recaban, para qu\u00e9 se utilizan, los derechos que les asisten as\u00ed como toda la informaci\u00f3n necesaria establecida por la normativa vigente.<br \/>\nAl utilizar este sitio web entendemos que ha le\u00eddo y comprendido la informaci\u00f3n que se expone en relaci\u00f3n con el tratamiento de sus datos de car\u00e1cter personal.<br \/>\nNuestro principal objetivo es tratar los datos personales de una forma l\u00edcita, leal y transparente.<\/p>\n<h3>Datos recabados, finalidad y licitud<\/h3>\n<p>Los datos de car\u00e1cter personal tratados son los aportados por los usuarios a trav\u00e9s de los formularios disponibles en este sitio web y son los m\u00ednimos exigibles para poder enviarle informaci\u00f3n sobre nuestros productos \/ servicios, poder realizar pedidos, as\u00ed como poder elaborar las facturas correspondientes, informar sobre el estado de los pedidos, atender reclamaciones y cualquier otra gesti\u00f3n derivada de la prestaci\u00f3n del servicio realizado a trav\u00e9s de este sitio web.<br \/>\nDichas finalidades est\u00e1n basadas en principios legales de tratamiento de los datos recogidos por la normativa vigente: para la ejecuci\u00f3n de un contrato o la prestaci\u00f3n de un servicio a los usuarios, para el cumplimiento de obligaciones legales, por el inter\u00e9s leg\u00edtimo y con el consentimiento de los usuarios.<\/p>\n<h3>Datos recabados para la solicitud de informaci\u00f3n a trav\u00e9s del formulario web.<\/h3>\n<p>Los datos personales recabados a trav\u00e9s del formulario web para la petici\u00f3n de informaci\u00f3n tienen como finalidad el env\u00edo de informaci\u00f3n comercial sobre nuestros productos y servicios.<br \/>\nEl tratamiento de los datos en este caso concreto est\u00e1 legitimado por el consentimiento expreso que usted nos presta al aceptar el env\u00edo de la informaci\u00f3n aportada a trav\u00e9s del formulario.<\/p>\n<h3>Operaciones que se realizan con los datos personales<\/h3>\n<p>Los datos de car\u00e1cter personal son registrados a trav\u00e9s de la web y conservados en soportes electr\u00f3nicos controlados y supervisados por el responsable del tratamiento. Los soportes cuentan con las medidas t\u00e9cnicas y organizativas necesarias que garantizan la debida confidencialidad en el tratamiento de los datos.<br \/>\nEl personal implicado en las operaciones de tratamiento de datos: acceso, edici\u00f3n, borrado, etc&#8230; est\u00e1 capacitado para ello y est\u00e1 formado y comprometido con nuestra pol\u00edtica de protecci\u00f3n de datos.<\/p>\n<h3>Conservaci\u00f3n de los datos<\/h3>\n<p>Los datos de car\u00e1cter personal se conservar\u00e1n el tiempo que sea necesario para poder atender la finalidad \/ finalidades para los que fueron.<br \/>\nPor lo tanto mantendremos su informaci\u00f3n personal mientras exista una relaci\u00f3n contractual y\/o comercial con usted o mientras usted no ejerza su derecho de supresi\u00f3n, cancelaci\u00f3n y\/o limitaci\u00f3n del tratamiento de sus datos.<br \/>\nEn estos casos, mantendremos la informaci\u00f3n debidamente bloqueada, sin darle ning\u00fan uso, mientras pueda ser necesaria para el ejercicio o defensa de reclamaciones o pueda derivarse alg\u00fan tipo de responsabilidad judicial, legal o contractual de su tratamiento, que deba ser atendida y para lo cual sea necesaria su recuperaci\u00f3n.<\/p>\n<h3>Protecci\u00f3n de los menores<\/h3>\n<p>Esta p\u00e1gina web no est\u00e1 dirigida a usuarios menores de edad. Si usted es menor de edad, por favor no intente registrarse como usuario. Si descubrimos que por error hemos obtenido informaci\u00f3n personal de un menor, eliminaremos dicha informaci\u00f3n lo antes posible.<\/p>\n<h3>Destinatarios de sus datos personales<\/h3>\n<p>Informamos a los usuarios de que sus datos personales no ser\u00e1n comunicados a terceros, con la salvedad de que dicha comunicaci\u00f3n de datos est\u00e9 amparada en una obligaci\u00f3n legal o cuando para la correcta prestaci\u00f3n del servicio o la ejecuci\u00f3n del contrato sea necesario comunicar sus datos a otros responsables como pueden ser otras empresas del grupo, encargados del tratamiento.<br \/>\nPara los casos en los que la comunicaci\u00f3n de datos a terceros no est\u00e9 amparada en las bases legales establecidas en el apartado anterior, la comunicaci\u00f3n de datos a otros destinatarios s\u00f3lo se realizar\u00e1 si el usuario ha dado su consentimiento expreso.<br \/>\nAMMOS mantiene unos criterios estrictos de selecci\u00f3n de encargados de tratamiento y se compromete contractualmente con cada uno a cumplir y hacer cumplir las obligaciones establecidas en materia de protecci\u00f3n de datos.<br \/>\nPuede obtener m\u00e1s informaci\u00f3n sobre el tratamiento de los datos personales de nuestra organizaci\u00f3n en el siguiente <a href=\"https:\/\/www.accesousuario.com\/protecciondedatos\/rgpd\/informacion_consentimientoAPI.php?codEmpresa=62827\" target=\"_blank\" rel=\"noopener noreferrer\">enlace<\/a>:<\/p>\n<h3>Ejercicio de los derechos<\/h3>\n<p>De acuerdo con los derechos que confiere la normativa vigente en materia de protecci\u00f3n de datos de car\u00e1cter personal, el usuario podr\u00e1 ejercer los derechos de acceso, rectificaci\u00f3n, limitaci\u00f3n de tratamiento, supresi\u00f3n, portabilidad y oposici\u00f3n al tratamiento de sus datos dirigiendo su petici\u00f3n a la direcci\u00f3n postal indicada o al correo electr\u00f3nico<br \/>\nPara el ejercicio de los derechos deber\u00e1 identificarse mediante la presentaci\u00f3n de su DNI.<br \/>\nPara cualquier reclamaci\u00f3n puede dirigirse al mismo correo indicado. Igualmente podr\u00e1 dirigirse a la <a href=\"https:\/\/www.aepd.es\/\" target=\"_blank\" rel=\"noopener noreferrer\">Agencia Espa\u00f1ola de Protecci\u00f3n de Datos<\/a><\/p>\n","protected":false},"excerpt":{"rendered":"<p>AMMOS RESTAURANTS &amp; BARS SL con CIF B42611889 con domicilio en AVENIDA DE LA PAZ, 20, MORAIRA (ALICANTE), 03724 es titular del sitio web y responsable del tratamiento de los datos de car\u00e1cter personal que los usuarios suministran a trav\u00e9s de este sitio web. AMMOS informa a los usuarios de este sitio web sobre su [&hellip;]<\/p>\n","protected":false},"author":1,"featured_media":0,"parent":0,"menu_order":0,"comment_status":"closed","ping_status":"closed","template":"","meta":{"footnotes":""},"class_list":["post-8379","page","type-page","status-publish","hentry"],"_links":{"self":[{"href":"https:\/\/ammos.es\/nl\/wp-json\/wp\/v2\/pages\/8379","targetHints":{"allow":["GET"]}}],"collection":[{"href":"https:\/\/ammos.es\/nl\/wp-json\/wp\/v2\/pages"}],"about":[{"href":"https:\/\/ammos.es\/nl\/wp-json\/wp\/v2\/types\/page"}],"author":[{"embeddable":true,"href":"https:\/\/ammos.es\/nl\/wp-json\/wp\/v2\/users\/1"}],"replies":[{"embeddable":true,"href":"https:\/\/ammos.es\/nl\/wp-json\/wp\/v2\/comments?post=8379"}],"version-history":[{"count":1,"href":"https:\/\/ammos.es\/nl\/wp-json\/wp\/v2\/pages\/8379\/revisions"}],"predecessor-version":[{"id":8380,"href":"https:\/\/ammos.es\/nl\/wp-json\/wp\/v2\/pages\/8379\/revisions\/8380"}],"wp:attachment":[{"href":"https:\/\/ammos.es\/nl\/wp-json\/wp\/v2\/media?parent=8379"}],"curies":[{"name":"wp","href":"https:\/\/api.w.org\/{rel}","templated":true}]}}